{"id":108,"date":"2017-09-23T16:50:38","date_gmt":"2017-09-23T19:50:38","guid":{"rendered":"http:\/\/mulheressa.org\/blog\/?page_id=108"},"modified":"2017-10-09T23:44:54","modified_gmt":"2017-10-10T02:44:54","slug":"maira-ataide","status":"publish","type":"page","link":"https:\/\/mulheressa.org.br\/blog\/maira-ataide\/","title":{"rendered":"Ma\u00edra Ata\u00edde"},"content":{"rendered":"<p>Psic\u00f3loga, formada pelo Centro Universit\u00e1rio Newton Paiva, Especialista em Psicologia do Trabalho pela UFMG e com forma\u00e7\u00e3o em Coaching pela Sociedade Latino Americana de Coaching (SLAC). Desenvolveu sua carreira na \u00e1rea de Recursos Humanos em empresa refer\u00eancia no segmento da Ind\u00fastria, tendo atuado tamb\u00e9m no segmento hoteleiro. Atualmente desenvolve atividades como Consultora em Gest\u00e3o com Pessoas. \u00c9 propriet\u00e1ria da empresa AR Consultoria Gest\u00e3o de Pessoas. www.arconsultoriagp.com.br<\/p>\n","protected":false},"excerpt":{"rendered":"<p>Psic\u00f3loga, formada pelo Centro Universit\u00e1rio Newton Paiva, Especialista em Psicologia do Trabalho pela UFMG e com forma\u00e7\u00e3o em Coaching pela Sociedade Latino Americana de Coaching (SLAC). Desenvolveu sua carreira na \u00e1rea de Recursos Humanos em empresa refer\u00eancia no segmento da Ind\u00fastria, tendo atuado tamb\u00e9m no segmento hoteleiro. Atualmente desenvolve atividades como Consultora em Gest\u00e3o com &hellip; <\/p>\n<p class=\"link-more\"><a href=\"https:\/\/mulheressa.org.br\/blog\/maira-ataide\/\" class=\"more-link\">Continue lendo<span class=\"screen-reader-text\"> &#8220;Ma\u00edra Ata\u00edde&#8221;<\/span><\/a><\/p>\n","protected":false},"author":1,"featured_media":148,"parent":0,"menu_order":0,"comment_status":"closed","ping_status":"closed","template":"","meta":[],"_links":{"self":[{"href":"https:\/\/mulheressa.org.br\/blog\/wp-json\/wp\/v2\/pages\/108"}],"collection":[{"href":"https:\/\/mulheressa.org.br\/blog\/wp-json\/wp\/v2\/pages"}],"about":[{"href":"https:\/\/mulheressa.org.br\/blog\/wp-json\/wp\/v2\/types\/page"}],"author":[{"embeddable":true,"href":"https:\/\/mulheressa.org.br\/blog\/wp-json\/wp\/v2\/users\/1"}],"replies":[{"embeddable":true,"href":"https:\/\/mulheressa.org.br\/blog\/wp-json\/wp\/v2\/comments?post=108"}],"version-history":[{"count":1,"href":"https:\/\/mulheressa.org.br\/blog\/wp-json\/wp\/v2\/pages\/108\/revisions"}],"predecessor-version":[{"id":109,"href":"https:\/\/mulheressa.org.br\/blog\/wp-json\/wp\/v2\/pages\/108\/revisions\/109"}],"wp:featuredmedia":[{"embeddable":true,"href":"https:\/\/mulheressa.org.br\/blog\/wp-json\/wp\/v2\/media\/148"}],"wp:attachment":[{"href":"https:\/\/mulheressa.org.br\/blog\/wp-json\/wp\/v2\/media?parent=108"}],"curies":[{"name":"wp","href":"https:\/\/api.w.org\/{rel}","templated":true}]}}