{"id":140,"date":"2017-10-05T21:07:06","date_gmt":"2017-10-06T00:07:06","guid":{"rendered":"http:\/\/mulheressa.org\/blog\/?page_id=140"},"modified":"2017-10-05T21:15:46","modified_gmt":"2017-10-06T00:15:46","slug":"rosa-maria-troes","status":"publish","type":"page","link":"https:\/\/mulheressa.org.br\/blog\/rosa-maria-troes\/","title":{"rendered":"Rosa Maria Troes"},"content":{"rendered":"<p>Rosa \u00e9 a fundadora e presidente da CANADA INTERCAMBIO e est\u00e1 presente na lista W100&#8217;s de 2014 e de 2016, das 100 mulheres empreendedoras mais influentes do Canad\u00e1. \u00c9 o c\u00e9rebro por tr\u00e1s dos dois maiores e mais bem sucedidos eventos no setor educacional internacional no Brasil, o CANADA INTERCAMBIO Road Show e a EXPO Canada ambos eventos gratuitos para apoiar os jovens no Brasil e no M\u00e9xico a crescer pessoal e profissionalmente, oferecendo uma ferramenta motivacional.<\/p>\n","protected":false},"excerpt":{"rendered":"<p>Rosa \u00e9 a fundadora e presidente da CANADA INTERCAMBIO e est\u00e1 presente na lista W100&#8217;s de 2014 e de 2016, das 100 mulheres empreendedoras mais influentes do Canad\u00e1. \u00c9 o c\u00e9rebro por tr\u00e1s dos dois maiores e mais bem sucedidos eventos no setor educacional internacional no Brasil, o CANADA INTERCAMBIO Road Show e a EXPO &hellip; <\/p>\n<p class=\"link-more\"><a href=\"https:\/\/mulheressa.org.br\/blog\/rosa-maria-troes\/\" class=\"more-link\">Continue lendo<span class=\"screen-reader-text\"> &#8220;Rosa Maria Troes&#8221;<\/span><\/a><\/p>\n","protected":false},"author":1,"featured_media":141,"parent":0,"menu_order":0,"comment_status":"closed","ping_status":"closed","template":"","meta":[],"_links":{"self":[{"href":"https:\/\/mulheressa.org.br\/blog\/wp-json\/wp\/v2\/pages\/140"}],"collection":[{"href":"https:\/\/mulheressa.org.br\/blog\/wp-json\/wp\/v2\/pages"}],"about":[{"href":"https:\/\/mulheressa.org.br\/blog\/wp-json\/wp\/v2\/types\/page"}],"author":[{"embeddable":true,"href":"https:\/\/mulheressa.org.br\/blog\/wp-json\/wp\/v2\/users\/1"}],"replies":[{"embeddable":true,"href":"https:\/\/mulheressa.org.br\/blog\/wp-json\/wp\/v2\/comments?post=140"}],"version-history":[{"count":2,"href":"https:\/\/mulheressa.org.br\/blog\/wp-json\/wp\/v2\/pages\/140\/revisions"}],"predecessor-version":[{"id":143,"href":"https:\/\/mulheressa.org.br\/blog\/wp-json\/wp\/v2\/pages\/140\/revisions\/143"}],"wp:featuredmedia":[{"embeddable":true,"href":"https:\/\/mulheressa.org.br\/blog\/wp-json\/wp\/v2\/media\/141"}],"wp:attachment":[{"href":"https:\/\/mulheressa.org.br\/blog\/wp-json\/wp\/v2\/media?parent=140"}],"curies":[{"name":"wp","href":"https:\/\/api.w.org\/{rel}","templated":true}]}}