{"id":168,"date":"2017-11-21T04:52:50","date_gmt":"2017-11-21T06:52:50","guid":{"rendered":"http:\/\/mulheressa.org\/blog\/?page_id=168"},"modified":"2021-11-26T17:39:01","modified_gmt":"2021-11-26T19:39:01","slug":"tania-reis","status":"publish","type":"page","link":"https:\/\/mulheressa.org.br\/blog\/tania-reis\/","title":{"rendered":"Tania Reis"},"content":{"rendered":"<p>Fundadora e Presidente do Grupo Serpa que \u00e9 um conglomerado de empresas Brasileiras, Americanas e Chinesa. Certificada no OEA &#8211; Autorizado pela Receita Federal como Operador Econ\u00f4mico e Certificado pela FDC no Ranking em 24 lugar no Empresas Brasileira Transnacional; Convidada pelo Minist\u00e9rio das Rela\u00e7\u00f5es Internacionais e aprovada pelo Itamaraty para estar entre as 5 executivas do mecanismo do BRICS WBA Cap\u00edtulo Brasil em 2020; Conselheira da AEB- Associa\u00e7\u00e3o dos Exportadores do Brasil; Membro do FET (F\u00f3rum das Empresas Transnacionais) &#8211; CNI Confedera\u00e7\u00e3o Nacional das Ind\u00fastrias; Diretora do Conselho C\u00e2mara Francesa-MG; Diretora Plena ACMinas; Diretora WICCI (Women\u2019s Indian Chamber of Commerce and Industry &#8211; Brazil.<\/p>\n<p><a href=\"http:\/\/www.gruposerpa.com.br\">www.gruposerpa.com.br<\/a><\/p>\n","protected":false},"excerpt":{"rendered":"<p>Fundadora e Presidente do Grupo Serpa que \u00e9 um conglomerado de empresas Brasileiras, Americanas e Chinesa. Certificada no OEA &#8211; Autorizado pela Receita Federal como Operador Econ\u00f4mico e Certificado pela FDC no Ranking em 24 lugar no Empresas Brasileira Transnacional; Convidada pelo Minist\u00e9rio das Rela\u00e7\u00f5es Internacionais e aprovada pelo Itamaraty para estar entre as 5 &hellip; <\/p>\n<p class=\"link-more\"><a href=\"https:\/\/mulheressa.org.br\/blog\/tania-reis\/\" class=\"more-link\">Continue lendo<span class=\"screen-reader-text\"> &#8220;Tania Reis&#8221;<\/span><\/a><\/p>\n","protected":false},"author":1,"featured_media":167,"parent":0,"menu_order":0,"comment_status":"closed","ping_status":"closed","template":"","meta":[],"_links":{"self":[{"href":"https:\/\/mulheressa.org.br\/blog\/wp-json\/wp\/v2\/pages\/168"}],"collection":[{"href":"https:\/\/mulheressa.org.br\/blog\/wp-json\/wp\/v2\/pages"}],"about":[{"href":"https:\/\/mulheressa.org.br\/blog\/wp-json\/wp\/v2\/types\/page"}],"author":[{"embeddable":true,"href":"https:\/\/mulheressa.org.br\/blog\/wp-json\/wp\/v2\/users\/1"}],"replies":[{"embeddable":true,"href":"https:\/\/mulheressa.org.br\/blog\/wp-json\/wp\/v2\/comments?post=168"}],"version-history":[{"count":7,"href":"https:\/\/mulheressa.org.br\/blog\/wp-json\/wp\/v2\/pages\/168\/revisions"}],"predecessor-version":[{"id":321,"href":"https:\/\/mulheressa.org.br\/blog\/wp-json\/wp\/v2\/pages\/168\/revisions\/321"}],"wp:featuredmedia":[{"embeddable":true,"href":"https:\/\/mulheressa.org.br\/blog\/wp-json\/wp\/v2\/media\/167"}],"wp:attachment":[{"href":"https:\/\/mulheressa.org.br\/blog\/wp-json\/wp\/v2\/media?parent=168"}],"curies":[{"name":"wp","href":"https:\/\/api.w.org\/{rel}","templated":true}]}}