{"id":214,"date":"2018-01-26T13:22:38","date_gmt":"2018-01-26T15:22:38","guid":{"rendered":"http:\/\/mulheressa.org\/blog\/?page_id=214"},"modified":"2018-02-09T11:50:10","modified_gmt":"2018-02-09T13:50:10","slug":"erika-pessoa","status":"publish","type":"page","link":"https:\/\/mulheressa.org.br\/blog\/erika-pessoa\/","title":{"rendered":"Erika Pess\u00f4a"},"content":{"rendered":"<p style=\"font-weight: 400;\">Formada em\u00a0<strong>Gesta\u0303o da Comunicac\u0327a\u0303o pela Syracuse University e Aberje\u00a0<\/strong>(2013, SP\/EUA), e em\u00a0<strong>Relac\u0327o\u0303es Pu\u0301blicas e Marketing pela Newton Paiva\u00a0<\/strong>(1998\/99, BH\/BR), \u00e9\u00a0pesquisadora da\u00a0<strong>antropologia dos relacionamentos estrat\u00e9gicos<\/strong>\u00a0e\u00a0co-autora do \u00a0livro &#8220;<strong>Jovens Empreendedores: L\u00edderes\u00a0de\u00a0Um Brasil que D\u00e1 Certo<\/strong>&#8221; da editora Roma.<\/p>\n<p style=\"font-weight: 400;\">Com\u00a0<strong>23 anos\u00a0de\u00a0hist\u00f3ria profissiona<\/strong>l\u00a0no mercado\u00a0de\u00a0comunica\u00e7\u00e3o e\u00a0<strong>12 como empreendedora na\u00a0 Pessoa. Ag\u00eancia\u00a0de\u00a0Rela\u00e7\u00f5es P\u00fablic<\/strong>as, \u200bj\u00e1 atuou diretamente ao lado de mais de\u00a0<strong>110 clientes\u00a0de\u00a0diversos segm<\/strong>entos e\u00a0em\u00a0<strong>todo o territ\u00f3rio brasileiro\u00a0<\/strong>desde cidades como Macap\u00e1 no Amap\u00e1 at\u00e9 Lajes em Santa Catarina. Em todos estes projetos, apaixonadamente desenvolveu\u200b, de\u00a0 forma personalizada, estrat\u00e9gias\u00a0de\u00a0posicionamento\u00a0de\u00a0comunica\u00e7\u00e3o, marca e reputac\u0327a\u0303o\u00a0de\u00a0cada um.<\/p>\n","protected":false},"excerpt":{"rendered":"<p>Formada em\u00a0Gesta\u0303o da Comunicac\u0327a\u0303o pela Syracuse University e Aberje\u00a0(2013, SP\/EUA), e em\u00a0Relac\u0327o\u0303es Pu\u0301blicas e Marketing pela Newton Paiva\u00a0(1998\/99, BH\/BR), \u00e9\u00a0pesquisadora da\u00a0antropologia dos relacionamentos estrat\u00e9gicos\u00a0e\u00a0co-autora do \u00a0livro &#8220;Jovens Empreendedores: L\u00edderes\u00a0de\u00a0Um Brasil que D\u00e1 Certo&#8221; da editora Roma. Com\u00a023 anos\u00a0de\u00a0hist\u00f3ria profissional\u00a0no mercado\u00a0de\u00a0comunica\u00e7\u00e3o e\u00a012 como empreendedora na\u00a0 Pessoa. Ag\u00eancia\u00a0de\u00a0Rela\u00e7\u00f5es P\u00fablicas, \u200bj\u00e1 atuou diretamente ao lado de mais de\u00a0110 &hellip; <\/p>\n<p class=\"link-more\"><a href=\"https:\/\/mulheressa.org.br\/blog\/erika-pessoa\/\" class=\"more-link\">Continue lendo<span class=\"screen-reader-text\"> &#8220;Erika Pess\u00f4a&#8221;<\/span><\/a><\/p>\n","protected":false},"author":1,"featured_media":223,"parent":0,"menu_order":0,"comment_status":"closed","ping_status":"closed","template":"","meta":[],"_links":{"self":[{"href":"https:\/\/mulheressa.org.br\/blog\/wp-json\/wp\/v2\/pages\/214"}],"collection":[{"href":"https:\/\/mulheressa.org.br\/blog\/wp-json\/wp\/v2\/pages"}],"about":[{"href":"https:\/\/mulheressa.org.br\/blog\/wp-json\/wp\/v2\/types\/page"}],"author":[{"embeddable":true,"href":"https:\/\/mulheressa.org.br\/blog\/wp-json\/wp\/v2\/users\/1"}],"replies":[{"embeddable":true,"href":"https:\/\/mulheressa.org.br\/blog\/wp-json\/wp\/v2\/comments?post=214"}],"version-history":[{"count":1,"href":"https:\/\/mulheressa.org.br\/blog\/wp-json\/wp\/v2\/pages\/214\/revisions"}],"predecessor-version":[{"id":216,"href":"https:\/\/mulheressa.org.br\/blog\/wp-json\/wp\/v2\/pages\/214\/revisions\/216"}],"wp:featuredmedia":[{"embeddable":true,"href":"https:\/\/mulheressa.org.br\/blog\/wp-json\/wp\/v2\/media\/223"}],"wp:attachment":[{"href":"https:\/\/mulheressa.org.br\/blog\/wp-json\/wp\/v2\/media?parent=214"}],"curies":[{"name":"wp","href":"https:\/\/api.w.org\/{rel}","templated":true}]}}