{"id":76,"date":"2017-09-21T05:53:29","date_gmt":"2017-09-21T08:53:29","guid":{"rendered":"http:\/\/mulheressa.org\/blog\/?page_id=76"},"modified":"2017-09-21T05:53:37","modified_gmt":"2017-09-21T08:53:37","slug":"ultimas-postagens","status":"publish","type":"page","link":"https:\/\/mulheressa.org.br\/blog\/ultimas-postagens\/","title":{"rendered":"\u00daltimas Postagens"},"content":{"rendered":"<div class=\"pt-cv-wrapper\"><div class=\"pt-cv-view pt-cv-grid pt-cv-colsys\" id=\"pt-cv-view-7cc7472p1k\"><div data-id=\"pt-cv-page-1\" class=\"pt-cv-page\" data-cvc=\"2\"><div class=\"col-md-6 col-sm-6 col-xs-12 pt-cv-content-item pt-cv-1-col\" ><div class='pt-cv-ifield'><a href=\"https:\/\/mulheressa.org.br\/blog\/2022\/05\/18\/novo-curso-de-empreendedorismo-da-estacio-tras-a-anitta-como-professora\/\" class=\"_self pt-cv-href-thumbnail pt-cv-thumb-default\" target=\"_self\" ><img width=\"1080\" height=\"1080\" src=\"https:\/\/mulheressa.org.br\/blog\/wp-content\/uploads\/2022\/05\/Anitta-prepara.png\" class=\"pt-cv-thumbnail\" alt=\"\" loading=\"lazy\" srcset=\"https:\/\/mulheressa.org.br\/blog\/wp-content\/uploads\/2022\/05\/Anitta-prepara.png 1080w, https:\/\/mulheressa.org.br\/blog\/wp-content\/uploads\/2022\/05\/Anitta-prepara-300x300.png 300w, https:\/\/mulheressa.org.br\/blog\/wp-content\/uploads\/2022\/05\/Anitta-prepara-1024x1024.png 1024w, https:\/\/mulheressa.org.br\/blog\/wp-content\/uploads\/2022\/05\/Anitta-prepara-150x150.png 150w, https:\/\/mulheressa.org.br\/blog\/wp-content\/uploads\/2022\/05\/Anitta-prepara-768x768.png 768w, https:\/\/mulheressa.org.br\/blog\/wp-content\/uploads\/2022\/05\/Anitta-prepara-100x100.png 100w\" sizes=\"100vw\" \/><\/a>\n<h4 class=\"pt-cv-title\"><a href=\"https:\/\/mulheressa.org.br\/blog\/2022\/05\/18\/novo-curso-de-empreendedorismo-da-estacio-tras-a-anitta-como-professora\/\" class=\"_self\" target=\"_self\" >Novo curso de empreendedorismo da Est\u00e1cio tr\u00e1s a Anitta como professora!<\/a><\/h4>\n<div class=\"pt-cv-content\"><strong>A artista dar\u00e1 aulas no curso intitulado \u201cAnitta Prepara\u201d que \u00e9 voltado para empreendedores que se espelham na carreira da cantora.<\/strong> <strong>Consolidada<\/strong> como uma das <strong>maiores artistas do Brasil<\/strong> depois de sua performance no festival internacional 'Coachella', Anitta <strong>inova mais uma vez<\/strong>, e agora para dentro da sala de <strong>aula. <\/strong> A universidade <strong>Est\u00e1cio<\/strong>, anunciou em seu <strong>site oficial<\/strong> o curso <strong>\u201cAnitta Prepara\u201d<\/strong>, divulgando os m\u00f3dulos do curso e a quem ele se destina. Na p\u00e1gina oficial do curso, \u00e9 indicado que o aluno aprender\u00e1 as <strong>estrat\u00e9gias<\/strong> que a cantora <strong>utiliza<\/strong> em sua <strong>empreitada<\/strong> pelo<strong> mundo do empreendedorismo e neg\u00f3cios<\/strong>, ...<br \/><div class=\"pt-cv-rmwrap\"><a href=\"https:\/\/mulheressa.org.br\/blog\/2022\/05\/18\/novo-curso-de-empreendedorismo-da-estacio-tras-a-anitta-como-professora\/\" class=\"_self pt-cv-readmore btn btn-success\" target=\"_self\">Leia Mais<\/a><\/div><\/div><\/div><\/div>\n<div class=\"col-md-6 col-sm-6 col-xs-12 pt-cv-content-item pt-cv-1-col\" ><div class='pt-cv-ifield'><a href=\"https:\/\/mulheressa.org.br\/blog\/2022\/05\/11\/como-camila-farani-tornou-se-um-icone-para-a-mulher-empreendedora\/\" class=\"_self pt-cv-href-thumbnail pt-cv-thumb-default\" target=\"_self\" ><img width=\"1080\" height=\"1080\" src=\"https:\/\/mulheressa.org.br\/blog\/wp-content\/uploads\/2022\/05\/CAMILA-FARANI-1.png\" class=\"pt-cv-thumbnail\" alt=\"\" loading=\"lazy\" srcset=\"https:\/\/mulheressa.org.br\/blog\/wp-content\/uploads\/2022\/05\/CAMILA-FARANI-1.png 1080w, https:\/\/mulheressa.org.br\/blog\/wp-content\/uploads\/2022\/05\/CAMILA-FARANI-1-300x300.png 300w, https:\/\/mulheressa.org.br\/blog\/wp-content\/uploads\/2022\/05\/CAMILA-FARANI-1-1024x1024.png 1024w, https:\/\/mulheressa.org.br\/blog\/wp-content\/uploads\/2022\/05\/CAMILA-FARANI-1-150x150.png 150w, https:\/\/mulheressa.org.br\/blog\/wp-content\/uploads\/2022\/05\/CAMILA-FARANI-1-768x768.png 768w, https:\/\/mulheressa.org.br\/blog\/wp-content\/uploads\/2022\/05\/CAMILA-FARANI-1-100x100.png 100w\" sizes=\"100vw\" \/><\/a>\n<h4 class=\"pt-cv-title\"><a href=\"https:\/\/mulheressa.org.br\/blog\/2022\/05\/11\/como-camila-farani-tornou-se-um-icone-para-a-mulher-empreendedora\/\" class=\"_self\" target=\"_self\" >Como Camila Farani tornou-se um \u00edcone para a mulher empreendedora<\/a><\/h4>\n<div class=\"pt-cv-content\">Segundo dados da B3 o n\u00famero de investidores no Brasil vem crescendo desde 2021, mesmo com a alta da infla\u00e7\u00e3o e o certo tabu que o brasileiro tem em rela\u00e7\u00e3o \u00e0 investimentos de alto e baixo risco.<br \/>Desde que conhecemos o mundo tecnol\u00f3gico vemos sua constante evolu\u00e7\u00e3o e tamb\u00e9m a evolu\u00e7\u00e3o da humanidade junto desse universo. Com a pandemia tivemos altos e baixos em rela\u00e7\u00e3o a economia do mundo, mas com um crescimento exponencial do mundo tech.<br \/>Pesquisas mostram que o n\u00famero de investidores do g\u00eanero feminino vem crescendo a cada ano, esse n\u00famero vem acendendo por in\u00fameros motivos e um dos ...<br \/><div class=\"pt-cv-rmwrap\"><a href=\"https:\/\/mulheressa.org.br\/blog\/2022\/05\/11\/como-camila-farani-tornou-se-um-icone-para-a-mulher-empreendedora\/\" class=\"_self pt-cv-readmore btn btn-success\" target=\"_self\">Leia Mais<\/a><\/div><\/div><\/div><\/div>\n<div class=\"col-md-6 col-sm-6 col-xs-12 pt-cv-content-item pt-cv-1-col\" ><div class='pt-cv-ifield'><a href=\"https:\/\/mulheressa.org.br\/blog\/2022\/05\/07\/empreendedorismo-feminino-e-produtividade\/\" class=\"_self pt-cv-href-thumbnail pt-cv-thumb-default\" target=\"_self\" ><img width=\"1080\" height=\"1080\" src=\"https:\/\/mulheressa.org.br\/blog\/wp-content\/uploads\/2022\/05\/CAPACITACAO.png\" class=\"pt-cv-thumbnail\" alt=\"\" loading=\"lazy\" srcset=\"https:\/\/mulheressa.org.br\/blog\/wp-content\/uploads\/2022\/05\/CAPACITACAO.png 1080w, https:\/\/mulheressa.org.br\/blog\/wp-content\/uploads\/2022\/05\/CAPACITACAO-300x300.png 300w, https:\/\/mulheressa.org.br\/blog\/wp-content\/uploads\/2022\/05\/CAPACITACAO-1024x1024.png 1024w, https:\/\/mulheressa.org.br\/blog\/wp-content\/uploads\/2022\/05\/CAPACITACAO-150x150.png 150w, https:\/\/mulheressa.org.br\/blog\/wp-content\/uploads\/2022\/05\/CAPACITACAO-768x768.png 768w, https:\/\/mulheressa.org.br\/blog\/wp-content\/uploads\/2022\/05\/CAPACITACAO-100x100.png 100w\" sizes=\"100vw\" \/><\/a>\n<h4 class=\"pt-cv-title\"><a href=\"https:\/\/mulheressa.org.br\/blog\/2022\/05\/07\/empreendedorismo-feminino-e-produtividade\/\" class=\"_self\" target=\"_self\" >Empreendedorismo feminino e produtividade<\/a><\/h4>\n<div class=\"pt-cv-content\">Ver mulheres donas do seu pr\u00f3prio neg\u00f3cio est\u00e1 cada vez mais comum, com o avan\u00e7o da pandemia em 2020 mulheres, m\u00e3es de fam\u00edlia, abriram seu neg\u00f3cio chegando em 10 milh\u00f5es de empresas no pa\u00eds, segundo pesquisa apontado pelo PNAD (Pesquisa Nacional por Amostra de Domic\u00edlios). Mas como levar uma vida conciliando essa jornada dupla? Ser empres\u00e1ria e m\u00e3e. \u00c9 a\u00ed que entra a produtividade. Dirigir um empreendimento n\u00e3o \u00e9 uma tarefa f\u00e1cil, com muitas atividades e responsabilidades para administrar, n\u00e3o ter produtividade pode atrapalhar e muito! Mas, o que \u00e9 produtividade? A produtividade tem um conceito simples. Basicamente, se trata ...<br \/><div class=\"pt-cv-rmwrap\"><a href=\"https:\/\/mulheressa.org.br\/blog\/2022\/05\/07\/empreendedorismo-feminino-e-produtividade\/\" class=\"_self pt-cv-readmore btn btn-success\" target=\"_self\">Leia Mais<\/a><\/div><\/div><\/div><\/div>\n<div class=\"col-md-6 col-sm-6 col-xs-12 pt-cv-content-item pt-cv-1-col\" ><div class='pt-cv-ifield'><a href=\"https:\/\/mulheressa.org.br\/blog\/2022\/05\/06\/inspiracao-7-series-e-filmes-com-mulheres-empreendedoras\/\" class=\"_self pt-cv-href-thumbnail pt-cv-thumb-default\" target=\"_self\" ><img width=\"1080\" height=\"1080\" src=\"https:\/\/mulheressa.org.br\/blog\/wp-content\/uploads\/2022\/05\/1.png\" class=\"pt-cv-thumbnail\" alt=\"\" loading=\"lazy\" srcset=\"https:\/\/mulheressa.org.br\/blog\/wp-content\/uploads\/2022\/05\/1.png 1080w, https:\/\/mulheressa.org.br\/blog\/wp-content\/uploads\/2022\/05\/1-300x300.png 300w, https:\/\/mulheressa.org.br\/blog\/wp-content\/uploads\/2022\/05\/1-1024x1024.png 1024w, https:\/\/mulheressa.org.br\/blog\/wp-content\/uploads\/2022\/05\/1-150x150.png 150w, https:\/\/mulheressa.org.br\/blog\/wp-content\/uploads\/2022\/05\/1-768x768.png 768w, https:\/\/mulheressa.org.br\/blog\/wp-content\/uploads\/2022\/05\/1-100x100.png 100w\" sizes=\"100vw\" \/><\/a>\n<h4 class=\"pt-cv-title\"><a href=\"https:\/\/mulheressa.org.br\/blog\/2022\/05\/06\/inspiracao-7-series-e-filmes-com-mulheres-empreendedoras\/\" class=\"_self\" target=\"_self\" >Inspira\u00e7\u00e3o: 7 s\u00e9ries e filmes com mulheres empreendedoras.<\/a><\/h4>\n<div class=\"pt-cv-content\">\u00c9 fato que mulheres empreendedoras passam grande parte do seu tempo ocupadas. As m\u00faltiplas jornadas, entre tarefas de casa, trabalho e cuidado com os filhos, acabam pesando na hora de reservar um tempo para si. Segundo o<strong> <\/strong><a href=\"https:\/\/www.redebrasilatual.com.br\/cidadania\/2018\/05\/mulheres-trabalham-10-horas-a-mais-do-que-homens-em-dupla-jornada\/\"><strong>IBGE<\/strong><\/a>, <strong>as mulheres trabalham 10 horas a mais do que os homens<\/strong>. Afinal, a divis\u00e3o do tempo entre o trabalho assalariado e o dom\u00e9stico faz parte da rotina de aproximadamente 93% das mulheres que trabalham fora de casa. Pensando em te ajudar a reservar um tempinho para relaxar, e ao mesmo tempo ganhar inspira\u00e7\u00e3o para empreender com mais vontade, separamos algumas dicas de ...<br \/><div class=\"pt-cv-rmwrap\"><a href=\"https:\/\/mulheressa.org.br\/blog\/2022\/05\/06\/inspiracao-7-series-e-filmes-com-mulheres-empreendedoras\/\" class=\"_self pt-cv-readmore btn btn-success\" target=\"_self\">Leia Mais<\/a><\/div><\/div><\/div><\/div>\n<div class=\"col-md-6 col-sm-6 col-xs-12 pt-cv-content-item pt-cv-1-col\" ><div class='pt-cv-ifield'><a href=\"https:\/\/mulheressa.org.br\/blog\/2022\/05\/05\/324\/\" class=\"_self pt-cv-href-thumbnail pt-cv-thumb-default\" target=\"_self\" ><img width=\"1080\" height=\"1080\" src=\"https:\/\/mulheressa.org.br\/blog\/wp-content\/uploads\/2022\/05\/Imagem-post.png\" class=\"pt-cv-thumbnail\" alt=\"\" loading=\"lazy\" srcset=\"https:\/\/mulheressa.org.br\/blog\/wp-content\/uploads\/2022\/05\/Imagem-post.png 1080w, https:\/\/mulheressa.org.br\/blog\/wp-content\/uploads\/2022\/05\/Imagem-post-300x300.png 300w, https:\/\/mulheressa.org.br\/blog\/wp-content\/uploads\/2022\/05\/Imagem-post-1024x1024.png 1024w, https:\/\/mulheressa.org.br\/blog\/wp-content\/uploads\/2022\/05\/Imagem-post-150x150.png 150w, https:\/\/mulheressa.org.br\/blog\/wp-content\/uploads\/2022\/05\/Imagem-post-768x768.png 768w, https:\/\/mulheressa.org.br\/blog\/wp-content\/uploads\/2022\/05\/Imagem-post-100x100.png 100w\" sizes=\"100vw\" \/><\/a>\n<h4 class=\"pt-cv-title\"><a href=\"https:\/\/mulheressa.org.br\/blog\/2022\/05\/05\/324\/\" class=\"_self\" target=\"_self\" >O empreendedorismo de oportunidades entre \u201cra\u00e7as\u201d.<\/a><\/h4>\n<div class=\"pt-cv-content\">De acordo com o <strong>Relat\u00f3rio Especial de Empreendedorismo Feminino no Brasil<\/strong>, do SEBRAE, 48% dos Microempreendedores Individuais (MEI) no Brasil <strong>s\u00e3o mulheres e os pequenos neg\u00f3cios<\/strong> representam a <strong>grande maioria<\/strong> dos <strong>empreendimentos comandados por gestoras no nosso pa\u00eds.<\/strong> <strong>Acontece que,<\/strong> quando observamos os<strong> recortes raciais<\/strong> dessas empreendedoras, percebemos que <strong>existe um abismo de oportunidades entre as mulheres negras e as mulheres brancas<\/strong>, sendo t\u00e3o extenso que at\u00e9 o <strong>tipo de servi\u00e7o<\/strong> prestado por essas profissionais <strong>varia<\/strong> quando olhamos para a<strong> ra\u00e7a. <\/strong> Mesmo que <strong>novos neg\u00f3cios surjam todos os dias <\/strong>no nosso pa\u00eds, o <strong>motivo<\/strong> para que esses empreendimentos <strong>deem ...<br \/><div class=\"pt-cv-rmwrap\"><a href=\"https:\/\/mulheressa.org.br\/blog\/2022\/05\/05\/324\/\" class=\"_self pt-cv-readmore btn btn-success\" target=\"_self\">Leia Mais<\/a><\/div><\/strong><\/div><\/div><\/div>\n<div class=\"col-md-6 col-sm-6 col-xs-12 pt-cv-content-item pt-cv-1-col\" ><div class='pt-cv-ifield'><a href=\"https:\/\/mulheressa.org.br\/blog\/2021\/11\/25\/plataforma-u2cn-matchmaker-entre-a-sua-empresa-e-players-da-china\/\" class=\"_self pt-cv-href-thumbnail pt-cv-thumb-default\" target=\"_self\" ><img width=\"1920\" height=\"1492\" src=\"https:\/\/mulheressa.org.br\/blog\/wp-content\/uploads\/2021\/11\/3.jpg\" class=\"pt-cv-thumbnail\" alt=\"\" loading=\"lazy\" srcset=\"https:\/\/mulheressa.org.br\/blog\/wp-content\/uploads\/2021\/11\/3.jpg 1920w, https:\/\/mulheressa.org.br\/blog\/wp-content\/uploads\/2021\/11\/3-300x233.jpg 300w, https:\/\/mulheressa.org.br\/blog\/wp-content\/uploads\/2021\/11\/3-1024x796.jpg 1024w, https:\/\/mulheressa.org.br\/blog\/wp-content\/uploads\/2021\/11\/3-768x597.jpg 768w, https:\/\/mulheressa.org.br\/blog\/wp-content\/uploads\/2021\/11\/3-1536x1194.jpg 1536w\" sizes=\"100vw\" \/><\/a>\n<h4 class=\"pt-cv-title\"><a href=\"https:\/\/mulheressa.org.br\/blog\/2021\/11\/25\/plataforma-u2cn-matchmaker-entre-a-sua-empresa-e-players-da-china\/\" class=\"_self\" target=\"_self\" >Plataforma U2CN: matchmaker entre a sua empresa e players da China<\/a><\/h4>\n<div class=\"pt-cv-content\">Voc\u00ea est\u00e1 \u00e0 frente de uma empresa que tem interesse em fazer neg\u00f3cios com a China? A Plataforma U2CN (you to China) \u00e9 um projeto idealizado e criado pela Serpa China que funciona como uma vitrine para empresas estrangeiras no mercado chin\u00eas. Esse espa\u00e7o virtual te permite multiplicar as oportunidades de fazer neg\u00f3cios com o gigante asi\u00e1tico. Aumenta a visibilidade das empresas no mercado chin\u00eas de forma moderna, segura, eficaz e segmentada, adaptada para o jeito dos chineses de fazer neg\u00f3cios. Saiba mais sobre a Plataforma U2CN e veja as vantagens de cadastrar sua empresa. A Plataforma U2CN moderniza a ...<br \/><div class=\"pt-cv-rmwrap\"><a href=\"https:\/\/mulheressa.org.br\/blog\/2021\/11\/25\/plataforma-u2cn-matchmaker-entre-a-sua-empresa-e-players-da-china\/\" class=\"_self pt-cv-readmore btn btn-success\" target=\"_self\">Leia Mais<\/a><\/div><\/div><\/div><\/div>\n<div class=\"col-md-6 col-sm-6 col-xs-12 pt-cv-content-item pt-cv-1-col\" ><div class='pt-cv-ifield'><a href=\"https:\/\/mulheressa.org.br\/blog\/2018\/12\/28\/bons-habitos-para-adquirir-sucesso-pessoal-e-profissional\/\" class=\"_self pt-cv-href-thumbnail pt-cv-thumb-default\" target=\"_self\" ><img width=\"610\" height=\"287\" src=\"https:\/\/mulheressa.org.br\/blog\/wp-content\/uploads\/2018\/12\/imagem-texto-Maira.jpg\" class=\"pt-cv-thumbnail\" alt=\"\" loading=\"lazy\" srcset=\"https:\/\/mulheressa.org.br\/blog\/wp-content\/uploads\/2018\/12\/imagem-texto-Maira.jpg 610w, https:\/\/mulheressa.org.br\/blog\/wp-content\/uploads\/2018\/12\/imagem-texto-Maira-300x141.jpg 300w\" sizes=\"100vw\" \/><\/a>\n<h4 class=\"pt-cv-title\"><a href=\"https:\/\/mulheressa.org.br\/blog\/2018\/12\/28\/bons-habitos-para-adquirir-sucesso-pessoal-e-profissional\/\" class=\"_self\" target=\"_self\" >Bons h\u00e1bitos para adquirir sucesso pessoal e profissional<\/a><\/h4>\n<div class=\"pt-cv-content\"><em>Mais um ano se encerra e junto dele uma gama de questionamentos referente ao que foi feito; entregue quanto aos resultados e sobre o que ainda pode ser feito para o alcance de metas e objetivos propostos para os neg\u00f3cios e tamb\u00e9m para a vida pessoal.<\/em> <em>Ma\u00edra Ata\u00edde<\/em> <a href=\"http:\/\/www.arconsultoriagp.com.br\/\"><em>http:\/\/www.arconsultoriagp.com.br\/<\/em><\/a> Vale lembrar que o conceito da palavra sucesso torna-se cada vez mais subjetivo, visto que temos assistido a \u201conda\u201d do ser em detrimento do ter, ampliando ainda mais o significado da palavra, acessando objetivos maiores e por hora mais duradouros. N\u00e3o h\u00e1 receita de bolo e tampouco um roteiro m\u00e1gico que ...<br \/><div class=\"pt-cv-rmwrap\"><a href=\"https:\/\/mulheressa.org.br\/blog\/2018\/12\/28\/bons-habitos-para-adquirir-sucesso-pessoal-e-profissional\/\" class=\"_self pt-cv-readmore btn btn-success\" target=\"_self\">Leia Mais<\/a><\/div><\/div><\/div><\/div>\n<div class=\"col-md-6 col-sm-6 col-xs-12 pt-cv-content-item pt-cv-1-col\" ><div class='pt-cv-ifield'><a href=\"https:\/\/mulheressa.org.br\/blog\/2018\/09\/03\/da-importacao-a-exportacao-conheca-o-caminho-certo\/\" class=\"_self pt-cv-href-thumbnail pt-cv-thumb-default\" target=\"_self\" ><\/a>\n<h4 class=\"pt-cv-title\"><a href=\"https:\/\/mulheressa.org.br\/blog\/2018\/09\/03\/da-importacao-a-exportacao-conheca-o-caminho-certo\/\" class=\"_self\" target=\"_self\" >Da importa\u00e7\u00e3o \u00e0 exporta\u00e7\u00e3o: Conhe\u00e7a o caminho certo<\/a><\/h4>\n<div class=\"pt-cv-content\"><em>Muitas empresas desejam come\u00e7ar a exportar, mas n\u00e3o sabem por onde come\u00e7ar. Isso pode lev\u00e1-las a decis\u00f5es erradas, o que geralmente coloca suas empresas em situa\u00e7\u00f5es dif\u00edceis no m\u00e9dio e longo prazo. Para te ajudar a seguir o melhor caminho, escrevi o artigo desta semana.<\/em><em>\u00a0<\/em> <em>Tania Reis<\/em> <a href=\"http:\/\/www.gruposerpa.com.br\">http:\/\/www.gruposerpa.com.br<\/a> <em>Primeiramente \u00e9 preciso que o empres\u00e1rio entenda que \u00e9 necess\u00e1rio aumentar a for\u00e7a produtiva para atender \u00e0s expectativas\u00a0dos consumidores estrangeiros. Portanto, comece fazendo um plano de importa\u00e7\u00e3o para adequar sua produ\u00e7\u00e3o aos gostos e necessidades desse novo p\u00fablico. Al\u00e9m de ter em sua linha produtiva determinados itens que j\u00e1 s\u00e3o h\u00e1bito de ...<br \/><div class=\"pt-cv-rmwrap\"><a href=\"https:\/\/mulheressa.org.br\/blog\/2018\/09\/03\/da-importacao-a-exportacao-conheca-o-caminho-certo\/\" class=\"_self pt-cv-readmore btn btn-success\" target=\"_self\">Leia Mais<\/a><\/div><\/em><\/div><\/div><\/div>\n<div class=\"col-md-6 col-sm-6 col-xs-12 pt-cv-content-item pt-cv-1-col\" ><div class='pt-cv-ifield'><a href=\"https:\/\/mulheressa.org.br\/blog\/2018\/07\/23\/como-buscar-fornecedores-no-exterior-sem-sair-do-brasil\/\" class=\"_self pt-cv-href-thumbnail pt-cv-thumb-default\" target=\"_self\" ><\/a>\n<h4 class=\"pt-cv-title\"><a href=\"https:\/\/mulheressa.org.br\/blog\/2018\/07\/23\/como-buscar-fornecedores-no-exterior-sem-sair-do-brasil\/\" class=\"_self\" target=\"_self\" >Como buscar fornecedores no exterior sem sair do Brasil<\/a><\/h4>\n<div class=\"pt-cv-content\">S\u00e3o muitas as oportunidades para quem quer come\u00e7ar a importar. \u00a0Se voc\u00ea me acompanha aqui no Mulheres S.A sabe que isso acontece porque \u00a0as importa\u00e7\u00f5es t\u00eam ajudado empresas a aumentar seu faturamento atrav\u00e9s da \u00a0diversifica\u00e7\u00e3o e melhoria na qualidade de seus produtos e servi\u00e7os. Pensando nisso, fiz esse artigo para te ensinar a melhor maneira de buscar produtos e mat\u00e9ria prima de qualidade fora do Brasil. Confira! <em>Tania Reis<\/em> <a href=\"http:\/\/www.gruposerpa.com.br\">http:\/\/www.gruposerpa.com.br<\/a> <strong>Participe de feiras de Com\u00e9rcio Exterior<\/strong> Antes de comprar de uma empresa do exterior \u00e9 preciso ver amostras para verificar os diversos tipos de fornecedores e ver o que se ...<br \/><div class=\"pt-cv-rmwrap\"><a href=\"https:\/\/mulheressa.org.br\/blog\/2018\/07\/23\/como-buscar-fornecedores-no-exterior-sem-sair-do-brasil\/\" class=\"_self pt-cv-readmore btn btn-success\" target=\"_self\">Leia Mais<\/a><\/div><\/div><\/div><\/div>\n<div class=\"col-md-6 col-sm-6 col-xs-12 pt-cv-content-item pt-cv-1-col\" ><div class='pt-cv-ifield'><a href=\"https:\/\/mulheressa.org.br\/blog\/2018\/07\/18\/4-livros-sobre-comercio-exterior-que-voce-precisa-ler\/\" class=\"_self pt-cv-href-thumbnail pt-cv-thumb-default\" target=\"_self\" ><img width=\"610\" height=\"287\" src=\"https:\/\/mulheressa.org.br\/blog\/wp-content\/uploads\/2018\/07\/livro.jpg\" class=\"pt-cv-thumbnail\" alt=\"\" loading=\"lazy\" srcset=\"https:\/\/mulheressa.org.br\/blog\/wp-content\/uploads\/2018\/07\/livro.jpg 610w, https:\/\/mulheressa.org.br\/blog\/wp-content\/uploads\/2018\/07\/livro-300x141.jpg 300w\" sizes=\"100vw\" \/><\/a>\n<h4 class=\"pt-cv-title\"><a href=\"https:\/\/mulheressa.org.br\/blog\/2018\/07\/18\/4-livros-sobre-comercio-exterior-que-voce-precisa-ler\/\" class=\"_self\" target=\"_self\" >4 livros sobre com\u00e9rcio exterior que voc\u00ea precisa ler<\/a><\/h4>\n<div class=\"pt-cv-content\">Atuar na \u00e1rea de Com\u00e9rcio Exterior \u00e9 um desafio. Por isso, \u00e9 preciso se atualizar constantemente conhecimento acerca da \u00e1rea \u00e9 necess\u00e1rio. Pensando nisso selecionamos quatro livros imperd\u00edveis para voc\u00ea. <em>\u00a0 \u00a0 \u00a0 \u00a0 \u00a0 \u00a0 \u00a0 \u00a0 \u00a0 \u00a0 \u00a0 \u00a0 \u00a0 \u00a0 \u00a0 \u00a0 \u00a0 \u00a0 \u00a0 \u00a0 \u00a0 \u00a0 \u00a0 \u00a0 \u00a0 \u00a0 \u00a0 \u00a0 \u00a0 \u00a0 \u00a0 \u00a0 \u00a0 \u00a0 \u00a0 \u00a0 \u00a0 \u00a0 \u00a0 \u00a0 \u00a0 \u00a0 \u00a0 \u00a0 \u00a0 \u00a0 \u00a0 \u00a0 \u00a0 \u00a0 \u00a0 \u00a0 \u00a0 \u00a0 \u00a0 \u00a0 \u00a0 \u00a0 \u00a0 \u00a0 \u00a0 \u00a0 \u00a0 \u00a0 \u00a0 \u00a0 \u00a0 \u00a0 \u00a0 \u00a0 ...<br \/><div class=\"pt-cv-rmwrap\"><a href=\"https:\/\/mulheressa.org.br\/blog\/2018\/07\/18\/4-livros-sobre-comercio-exterior-que-voce-precisa-ler\/\" class=\"_self pt-cv-readmore btn btn-success\" target=\"_self\">Leia Mais<\/a><\/div><\/em><\/div><\/div><\/div><\/div><\/div><\/div>\n","protected":false},"excerpt":{"rendered":"","protected":false},"author":1,"featured_media":0,"parent":0,"menu_order":0,"comment_status":"closed","ping_status":"closed","template":"","meta":[],"_links":{"self":[{"href":"https:\/\/mulheressa.org.br\/blog\/wp-json\/wp\/v2\/pages\/76"}],"collection":[{"href":"https:\/\/mulheressa.org.br\/blog\/wp-json\/wp\/v2\/pages"}],"about":[{"href":"https:\/\/mulheressa.org.br\/blog\/wp-json\/wp\/v2\/types\/page"}],"author":[{"embeddable":true,"href":"https:\/\/mulheressa.org.br\/blog\/wp-json\/wp\/v2\/users\/1"}],"replies":[{"embeddable":true,"href":"https:\/\/mulheressa.org.br\/blog\/wp-json\/wp\/v2\/comments?post=76"}],"version-history":[{"count":1,"href":"https:\/\/mulheressa.org.br\/blog\/wp-json\/wp\/v2\/pages\/76\/revisions"}],"predecessor-version":[{"id":77,"href":"https:\/\/mulheressa.org.br\/blog\/wp-json\/wp\/v2\/pages\/76\/revisions\/77"}],"wp:attachment":[{"href":"https:\/\/mulheressa.org.br\/blog\/wp-json\/wp\/v2\/media?parent=76"}],"curies":[{"name":"wp","href":"https:\/\/api.w.org\/{rel}","templated":true}]}}