{"id":81,"date":"2017-09-21T06:42:40","date_gmt":"2017-09-21T09:42:40","guid":{"rendered":"http:\/\/mulheressa.org\/blog\/?page_id=81"},"modified":"2017-10-03T00:50:17","modified_gmt":"2017-10-03T03:50:17","slug":"luciana-nunes","status":"publish","type":"page","link":"https:\/\/mulheressa.org.br\/blog\/luciana-nunes\/","title":{"rendered":"Luciana Nunes"},"content":{"rendered":"<p>Diretora executiva na Uniplan Estrat\u00e9gia em Marketing e diretora de marketing na Institui\u00e7\u00e3o Mulheres s.a. Forma\u00e7\u00e3o em Marketing e P\u00f3s-gradua\u00e7\u00e3o em Intelig\u00eancia de Mercado. Foco em planejamento e estrat\u00e9gia. Como eterna estudante, adora a leitura e discuss\u00e3o em grupo para  a troca de conhecimento.<\/p>\n","protected":false},"excerpt":{"rendered":"<p>Diretora executiva na Uniplan Estrat\u00e9gia em Marketing e diretora de marketing na Institui\u00e7\u00e3o Mulheres s.a. Forma\u00e7\u00e3o em Marketing e P\u00f3s-gradua\u00e7\u00e3o em Intelig\u00eancia de Mercado. Foco em planejamento e estrat\u00e9gia. Como eterna estudante, adora a leitura e discuss\u00e3o em grupo para a troca de conhecimento.<\/p>\n","protected":false},"author":1,"featured_media":85,"parent":0,"menu_order":0,"comment_status":"closed","ping_status":"closed","template":"","meta":[],"_links":{"self":[{"href":"https:\/\/mulheressa.org.br\/blog\/wp-json\/wp\/v2\/pages\/81"}],"collection":[{"href":"https:\/\/mulheressa.org.br\/blog\/wp-json\/wp\/v2\/pages"}],"about":[{"href":"https:\/\/mulheressa.org.br\/blog\/wp-json\/wp\/v2\/types\/page"}],"author":[{"embeddable":true,"href":"https:\/\/mulheressa.org.br\/blog\/wp-json\/wp\/v2\/users\/1"}],"replies":[{"embeddable":true,"href":"https:\/\/mulheressa.org.br\/blog\/wp-json\/wp\/v2\/comments?post=81"}],"version-history":[{"count":3,"href":"https:\/\/mulheressa.org.br\/blog\/wp-json\/wp\/v2\/pages\/81\/revisions"}],"predecessor-version":[{"id":130,"href":"https:\/\/mulheressa.org.br\/blog\/wp-json\/wp\/v2\/pages\/81\/revisions\/130"}],"wp:featuredmedia":[{"embeddable":true,"href":"https:\/\/mulheressa.org.br\/blog\/wp-json\/wp\/v2\/media\/85"}],"wp:attachment":[{"href":"https:\/\/mulheressa.org.br\/blog\/wp-json\/wp\/v2\/media?parent=81"}],"curies":[{"name":"wp","href":"https:\/\/api.w.org\/{rel}","templated":true}]}}